{"id":604,"date":"2015-03-10T15:07:13","date_gmt":"2015-03-10T15:07:13","guid":{"rendered":"http:\/\/tibetfreunde.ch\/en\/?page_id=604"},"modified":"2017-09-01T14:58:21","modified_gmt":"2017-09-01T14:58:21","slug":"links","status":"publish","type":"page","link":"https:\/\/oldtibetfreunde.interweavers.ch\/en\/links\/","title":{"rendered":"Links"},"content":{"rendered":"<h3>Unser Medienpartner in der Schweiz<\/h3>\n<ul>\n<li><a href=\"http:\/\/www.tibetfocus.com\" target=\"_blank\">Tibetfocus<\/a> &#8211; dreimonatliche Zeitschrift, redigiert durch GSTF, mit zwei Seiten f\u00fcr den Verein Tibetfreunde<\/li>\n<\/ul>\n<h3>Unsere Projektpartner in Indien und Nepal<\/h3>\n<ul>\n<li><a href=\"http:\/\/www.tcv.org.in\" target=\"_blank\">TCV, Tibetan Chidren&#8217;s Villages<\/a> &#8211; die gr\u00f6sste private Organisation innerhalb des exiltibetischen Erziehungswesens, die nicht der Exilregierung angeschlossen ist. (Patenschaft Code TCV)<\/li>\n<li><a href=\"http:\/\/sherig.org\/en\/\" target=\"_blank\">DOE,Department of Education, Dharamsala<\/a> &#8211; India (Patenschaft Code TE)<\/li>\n<li><a href=\"http:\/\/www.sambhota.org\" target=\"_blank\">Sambhota Tibetan Schools Society (STSS)<\/a> &#8211; die Verwaltung der Schule in Chauntra wo wir Patenschaften f\u00fcr Kinder aus der Tuting Gegend organisieren. (Patenschaft Code TS)<\/li>\n<li><a href=\"http:\/\/www.centraltibetanreliefcommittee.org\/\" target=\"_blank\">Department of Home, Central Tibetan Relief Committee (CTRC)<\/a> &#8211; durch diese Organisation werden die Patenschaften f\u00fcr \u00e4ltere Personen in Indien vermittelt (Patenschaft Code TFS)<\/li>\n<li><a href=\"http:\/\/www.tnp.org\" target=\"_blank\">Tibetan Nuns Project<\/a> &#8211; durch diese Organisation werden die Patenschaften f\u00fcr Sch\u00fclerinnen und Sch\u00fcler tibetischer Klosterschulen oder Instituten in Indien vermittelt (Patenschaft Code NU)<\/li>\n<li><a href=\"http:\/\/www.jamchoe.org\" target=\"_blank\">Jamyang Choling Institute<\/a> &#8211; Pflege der seelischen und geistigen Potenzial der buddhistischen Frauen in Dharamsala, Indien (Patenschaft Code JCI)<\/li>\n<li><a href=\"http:\/\/tnp.org\/life-sherab-choeling-nunnery-spiti\/#more-2223\" target=\"_blank\">Sherab Choling Institute<\/a> &#8211; Village Morang, Spiti, Indien (Patenschaft Code SCI)<\/li>\n<li><a href=\"http:\/\/www.men-tsee-khang.org\" target=\"_blank\">Men-Tsee-Khang, Tibetan Medical and Astro Institute<\/a> &#8211; Dharamsala, Indien (Patenschaft Code MTK)<\/li>\n<li><a href=\"http:\/\/ibd.instituteofbuddhistdialectics.org\/\" target=\"_blank\">Institute of Buddhist Dialectics<\/a> &#8211; Dharamsala, Indien \/ <a href=\"http:\/\/sarah.instituteofbuddhistdialectics.org\/\" target=\"_blank\">College of Higher Tibetan Studies<\/a> Sarah, Indien (Patenschaft Code IBD)<\/li>\n<li><a href=\"http:\/\/sherig.org\/en\/schools\/snowlion-foundation\/\" target=\"_blank\">Snow Lion Foundation<\/a> &#8211; durch diese Organisation werden viele Patenschaften f\u00fcr Kinder und \u00e4ltere Personen in Nepal vermittelt (Patenschaft Code SLF)<\/li>\n<li><a href=\"http:\/\/www.nmbs.edu.np\/\" target=\"_blank\">Namgyal Middle Boarding School<\/a> &#8211; Kathmandu, Nepal (Patenschaft Code NM)<\/li>\n<li><a href=\"https:\/\/www.facebook.com\/namgyalhighersecondaryschool\" target=\"_blank\">Namgyal Higher Secondary School<\/a> &#8211; Kathmandu, Nepal (Patenschaft CodeHS)<\/li>\n<li><a href=\"http:\/\/drubthobrinpochenp.org\/details\/manjushri-di-chen-buddhist-learning-center-\/\" target=\"_blank\">Manjushri Di-Chen Buddhist Learning Center<\/a> &#8211; Kathmandu, Nepal (Patenschaft Code MDS)<\/li>\n<li><a href=\"http:\/\/www.delekhospital.org\/delek\" target=\"_blank\">Tibetan Delek Hospital<\/a> &#8211; allgemeine medizinische Versorgung f\u00fcr die in Dharamsala und Umgebung wohnenden Tibeter<\/li>\n<li><a href=\"http:\/\/www.lhasocialwork.org\" target=\"_blank\">Lha Charitable Trust<\/a> &#8211; eine gemeinn\u00fctzige Organisation, die vor allem auf &#8220;grassroots&#8221; Ebene in Dharamsala arbeitet und organisiert Lha&#8217;s Soup Kitchen.<\/li>\n<li><a href=\"http:\/\/www.dalailamainstitute.edu.in\/\" target=\"_blank\">Dalai Lama Institute for Higher Education Bangalore<\/a><\/li>\n<li><a href=\"http:\/\/tibet.net\/home\/#1\" target=\"_blank\">CTRC Poverty Alleviation Scheme<\/a><\/li>\n<\/ul>\n<h3>Allgemein<\/h3>\n<ul>\n<li><a href=\"http:\/\/www.dalailama.com\" target=\"_blank\">S.H. der Dalai Lama<\/a> &#8211; Informationen zu den Belehrungen und Vortr\u00e4ge, Fotogallerie, Kontaktm\u00f6glichkeiten<\/li>\n<li><a href=\"http:\/\/www.tibet.net\" target=\"_blank\">Tibetan Government in Exile<\/a> &#8211; offizielle Website. Die neuesten Nachrichten \u00fcber Tibet<\/li>\n<li><a href=\"http:\/\/www.tibet.org\" target=\"_blank\">Tibet Online<\/a> &#8211; Internationale Tibet Support Gemeinschaft<\/li>\n<li><a href=\"http:\/\/www.tibetsites.com\" target=\"_blank\">Verzeichnis der Webseiten \u00fcber Tibet<\/a><\/li>\n<li><a href=\"http:\/\/www.savetibet.org\" target=\"_blank\">International Campaign for Tibet, Washington DC<\/a><\/li>\n<li><a href=\"http:\/\/www.tibet.ca\" target=\"_blank\">CTC (Canada Tibet Committee)<\/a> &#8211; mit vielen weltweiten Informationen<\/li>\n<li><a href=\"http:\/\/www.tibet.at\" target=\"_blank\">Save Tibet<\/a> &#8211; ein Verein in \u00d6sterreich mit gleichen Ziele wie Verein Tibetfreunde<\/li>\n<li><a href=\"http:\/\/www.norbulingka.org\" target=\"_blank\">Norbulingka<\/a> &#8211; Institut f\u00fcr Erhaltung der tibetischen Kultur sowohl in seiner literarischen als seine k\u00fcnstlerischen Formen<\/li>\n<li><a href=\"http:\/\/www.delekhospital.org\/delek\" target=\"_blank\">Volunteer Tibet<\/a> &#8211; Online Empfehlungsservice f\u00fcr die Freiwilligenarbeit f\u00fcr die tibetische Gemeinschaft. Zur Zeit nur in Dharamsala.<\/li>\n<li><a href=\"http:\/\/www.tibetanstories.org\/\" target=\"_blank\">Tibetan Stories<\/a> &#8211; filme \u00fcber tibetische Fl\u00fcchtlinge in Dharamsala (Internationale Zentrum f\u00fcr psychische Gesundheit und Menschenrechte)<\/li>\n<li><a href=\"http:\/\/www.thelandofsnows.com\" target=\"_blank\">The Land of Snows<\/a> &#8211; Information f\u00fcr Reisen nach Tibet, Nepal, Ladakh und Bhutan<\/li>\n<li><a href=\"http:\/\/www.vistaproject.org\/\">Vista Project<\/a> &#8211; Humanit\u00e4re Unterst\u00fctzung in Tibet<\/li>\n<\/ul>\n<h3>In der Schweiz<\/h3>\n<ul>\n<li><a href=\"http:\/\/www.tibetoffice.ch\">Tibet Bureau<\/a> &#8211; Gen\u00e8ve; official agency of H. H. the Dalai Lama and the Tibetan Government-in-Exile for Central and Eastern Europe<\/li>\n<li><a href=\"http:\/\/gstf.org\/\" target=\"_blank\">GSTF (Gesellschaft Schweizerisch-Tibetische Freundschaft) <\/a><\/li>\n<li><a href=\"http:\/\/www.songtsenhouse.ch\" target=\"_blank\">Kulturzentrum Tibet Songtsen House<\/a> in Z\u00fcrich<\/li>\n<li><a href=\"http:\/\/www.tibetmuseum.ch\" target=\"_blank\">Tibet Museum<\/a> &#8211; Fondation Alain Bordier (Gruy\u00e8res)<\/li>\n<li><a href=\"http:\/\/amistibetgeneve.free.fr\" target=\"_blank\">Les Amis du Tibet<\/a> &#8211; Gen\u00e8ve<\/li>\n<li><a href=\"http:\/\/www.tibetswiss.com\" target=\"_blank\">Tibeter Gemeinschaft in der Schweiz und Liechtenstein<\/a> &#8211; in tibetischer und deutscher Sprache<\/li>\n<li><a href=\"http:\/\/www.chushigangdrug.ch\" target=\"_blank\">Dhotoe Chushi Gangdrug<\/a> &#8211; Europe, Osttibeter Gemeinschaft<\/li>\n<li><a href=\"http:\/\/www.vtje.org\" target=\"_blank\">Tibetan Youth Association in Europe<\/a><\/li>\n<li><a href=\"http:\/\/www.tibet-institut.ch\" target=\"_blank\">Das kl\u00f6sterliche Tibet-Institut Rikon<\/a><\/li>\n<li><a href=\"http:\/\/www.gfbv.ch\" target=\"_blank\">GfbV (Gesellschaft f\u00fcr bedrohte V\u00f6lker)<\/a><\/li>\n<\/ul>\n","protected":false},"excerpt":{"rendered":"<p>Unser Medienpartner in der Schweiz Tibetfocus &#8211; dreimonatliche Zeitschrift, redigiert durch GSTF, mit zwei Seiten f\u00fcr den Verein Tibetfreunde Unsere Projektpartner in Indien und Nepal TCV, Tibetan Chidren&#8217;s Villages &#8211; die gr\u00f6sste private Organisation innerhalb des exiltibetischen Erziehungswesens, die nicht der Exilregierung angeschlossen ist. (Patenschaft Code TCV) DOE,Department of Education, Dharamsala &#8211; India (Patenschaft Code [&hellip;]<\/p>\n","protected":false},"author":2,"featured_media":0,"parent":0,"menu_order":0,"comment_status":"open","ping_status":"open","template":"","meta":{"_mi_skip_tracking":false},"_links":{"self":[{"href":"https:\/\/oldtibetfreunde.interweavers.ch\/en\/wp-json\/wp\/v2\/pages\/604"}],"collection":[{"href":"https:\/\/oldtibetfreunde.interweavers.ch\/en\/wp-json\/wp\/v2\/pages"}],"about":[{"href":"https:\/\/oldtibetfreunde.interweavers.ch\/en\/wp-json\/wp\/v2\/types\/page"}],"author":[{"embeddable":true,"href":"https:\/\/oldtibetfreunde.interweavers.ch\/en\/wp-json\/wp\/v2\/users\/2"}],"replies":[{"embeddable":true,"href":"https:\/\/oldtibetfreunde.interweavers.ch\/en\/wp-json\/wp\/v2\/comments?post=604"}],"version-history":[{"count":17,"href":"https:\/\/oldtibetfreunde.interweavers.ch\/en\/wp-json\/wp\/v2\/pages\/604\/revisions"}],"predecessor-version":[{"id":3168,"href":"https:\/\/oldtibetfreunde.interweavers.ch\/en\/wp-json\/wp\/v2\/pages\/604\/revisions\/3168"}],"wp:attachment":[{"href":"https:\/\/oldtibetfreunde.interweavers.ch\/en\/wp-json\/wp\/v2\/media?parent=604"}],"curies":[{"name":"wp","href":"https:\/\/api.w.org\/{rel}","templated":true}]}}