{"id":473,"date":"2015-09-22T23:09:56","date_gmt":"2015-09-22T23:09:56","guid":{"rendered":"http:\/\/tibetfreunde.ch\/fr\/?page_id=473"},"modified":"2018-03-23T02:27:57","modified_gmt":"2018-03-23T02:27:57","slug":"parrainage","status":"publish","type":"page","link":"https:\/\/oldtibetfreunde.interweavers.ch\/fr\/parrainage\/","title":{"rendered":"Parrainage"},"content":{"rendered":"<h3>c&#8217;est quoi un parrainage?<\/h3>\n<p>Un parrainage est un promis de soutenir (financi\u00e8rement bien s\u00fbr) un \u00e9l\u00e8ve pendant son temps en \u00e9cole internat, ou une nonne ou un moine novice sur la voie d&#8217;\u00e9ducation \u00e0 clo\u00eetre, de faire possible \u00e0 une jeune personne une \u00e9tude, ou de rassurer \u00e0 une personne \u00e2g\u00e9e une existence digne.<\/p>\n<h3>il y a des parrainages pour les buts suivants:<\/h3>\n<ul>\n<li><a href=\"https:\/\/oldtibetfreunde.interweavers.ch\/fr\/parrainages-category\/enfants-refugies-inde\/\">des enfants tib\u00e9tains qui sont r\u00e9fugi\u00e9s du Tibet ou dont les parents le sont, \u00e0 l&#8217;\u00e9cole en Inde<\/a><\/li>\n<li><a href=\"https:\/\/oldtibetfreunde.interweavers.ch\/fr\/parrainages-category\/enfants-refugies-nepal\/\">des enfants tib\u00e9tains qui sont r\u00e9fugi\u00e9s du Tibet ou dont les parents le sont, \u00e0 l&#8217;\u00e9cole au N\u00e9pal<\/a><\/li>\n<li><a href=\"https:\/\/oldtibetfreunde.interweavers.ch\/fr\/parrainages-category\/ages-inde\/\">des Tib\u00e9tains \u00e2g\u00e9s en besoin de soutien en Inde<\/a><\/li>\n<li><a href=\"https:\/\/oldtibetfreunde.interweavers.ch\/fr\/parrainages-category\/ages-nepal\/\">des Tib\u00e9tains \u00e2g\u00e9s en besoin de soutien au N\u00e9pal<\/a><\/li>\n<li><a href=\"https:\/\/oldtibetfreunde.interweavers.ch\/fr\/parrainages-category\/nuns-india\/\">des nonnes tib\u00e9taines en besoin en Inde<\/a><\/li>\n<li><a href=\"https:\/\/oldtibetfreunde.interweavers.ch\/fr\/parrainages-category\/moines-inde-nepal\/\">des moines tib\u00e9tains en besoin en Inde et au N\u00e9pal<\/a><\/li>\n<li><a href=\"https:\/\/oldtibetfreunde.interweavers.ch\/fr\/parrainages-category\/students-india\/\">des \u00e9tudiants tib\u00e9tains aux hautes \u00e9coles en Inde <\/a><\/li>\n<\/ul>\n<h3>enfants r\u00e9fugi\u00e9s \u00e0 l&#8217;Inde et au N\u00e9pal<\/h3>\n<p>Votre argent de parrainage leurs obtient:<\/p>\n<ul>\n<li>les frais d&#8217;enseignement<\/li>\n<li>logis et nourriture \u00e0 l&#8217;internat<\/li>\n<li>mat\u00e9riel d&#8217;\u00e9cole et de curriculum<\/li>\n<li>v\u00eatements d&#8217;\u00e9cole, chaussures<\/li>\n<li>un petit argent pour la semaine selon l&#8217;\u00e2ge de l&#8217;enfant<\/li>\n<li>soins m\u00e9dicinaux<\/li>\n<\/ul>\n<div id=\"attachment_5977\" style=\"width: 410px\" class=\"wp-caption alignleft\"><img aria-describedby=\"caption-attachment-5977\" decoding=\"async\" loading=\"lazy\" class=\"wp-image-5977 size-medium\" src=\"https:\/\/oldtibetfreunde.interweavers.ch\/wp-content\/uploads\/2015\/09\/MKL-2-790x435-400x220.jpg\" alt=\"MKL-2-790x435\" width=\"400\" height=\"220\" \/><p id=\"caption-attachment-5977\" class=\"wp-caption-text\">l&#8217;\u00e9cole du Mont Kailache au N\u00e9pal<\/p><\/div>\n<p>Vous n&#8217;entrez pas dans une obligation contractuelle en tant que parrain. Il nous plairait tout de m\u00eame si votre soutien dure au fin des ans d&#8217;\u00e9cole. Combien des ans cela d\u00e9pend de l&#8217;\u00e2ge o\u00f9 l&#8217;enfant commence de recevoir un parrainage. Vous serez inform\u00e9 r\u00e9guli\u00e8rement des progr\u00e8s de l&#8217;enfant \u00e0 l&#8217;\u00e9cole<\/p>\n<h3>Tib\u00e9tains \u00e2g\u00e9s en besoin<\/h3>\n<div id=\"attachment_6444\" style=\"width: 241px\" class=\"wp-caption alignright\"><img aria-describedby=\"caption-attachment-6444\" decoding=\"async\" loading=\"lazy\" class=\"wp-image-6444\" src=\"https:\/\/oldtibetfreunde.interweavers.ch\/wp-content\/uploads\/2015\/09\/elderly_praying-e1445010377733-400x360.jpg\" alt=\"elderly_praying\" width=\"231\" height=\"208\" \/><p id=\"caption-attachment-6444\" class=\"wp-caption-text\">une vieillesse digne<\/p><\/div>\n<p>\u00catre parrain pour une personne \u00e2g\u00e9e, c&#8217;est soutenir une vieillesse sans crainte de manque et sans humiliation<\/p>\n<p>Votre parrainage obtient:<\/p>\n<ul>\n<li>nourriture<\/li>\n<li>soins m\u00e9dicinaux<\/li>\n<li>logis<\/li>\n<\/ul>\n<p>&nbsp;<\/p>\n<h3>Nonnes et moines tib\u00e9tains \u00e0 l&#8217;Inde et au N\u00e9pal<\/h3>\n<div id=\"attachment_6464\" style=\"width: 277px\" class=\"wp-caption alignleft\"><img aria-describedby=\"caption-attachment-6464\" decoding=\"async\" loading=\"lazy\" class=\"wp-image-6464\" src=\"https:\/\/oldtibetfreunde.interweavers.ch\/wp-content\/uploads\/2015\/09\/Sherab_Choeling_Nunnery_TNP_nuns_in_class.jpg\" alt=\"Sherab_Choeling_Nunnery_TNP_nuns_in_class\" width=\"267\" height=\"190\" \/><p id=\"caption-attachment-6464\" class=\"wp-caption-text\">le clo\u00eetre Sherab Choeling<\/p><\/div>\n<p>Tout l&#8217;argent des parrainages est utilis\u00e9 en commun pour les \u00e9tudiants des \u00e9coles monastiques, pour ce qu&#8217;un \u00e9tudiant sans parrainage ne se trouve soudainement emp\u00each\u00e9 de continuer. L&#8217;argent obtient la nourriture, les v\u00eatements, les mat\u00e9riaux d&#8217;\u00e9cole, et les soins m\u00e9dicinaux<\/p>\n<h3>\u00e9tudiants tib\u00e9tains \u00e0 l&#8217;Inde et au N\u00e9pal<\/h3>\n<div id=\"attachment_6453\" style=\"width: 317px\" class=\"wp-caption alignleft\"><img aria-describedby=\"caption-attachment-6453\" decoding=\"async\" loading=\"lazy\" class=\"wp-image-6453\" src=\"https:\/\/oldtibetfreunde.interweavers.ch\/wp-content\/uploads\/2015\/09\/BCA_Students-400x256.png\" alt=\"BCA_Students\" width=\"307\" height=\"196\" \/><p id=\"caption-attachment-6453\" class=\"wp-caption-text\">l&#8217;Institut Dala\u00ef Lama de Formation Sup\u00e9rieure<\/p><\/div>\n<p>Votre parrainage obtient pour eux le prix de l&#8217;\u00e9tude, la nourriture, le logis<\/p>\n<p><\/p>\n<h3>Parrainages administr\u00e9s de la soci\u00e9t\u00e9 Tibetfreunde<\/h3>\n<div id=\"attachment_42\" style=\"width: 170px\" class=\"wp-caption alignright\"><img aria-describedby=\"caption-attachment-42\" decoding=\"async\" loading=\"lazy\" class=\"wp-image-42 size-full\" src=\"https:\/\/oldtibetfreunde.interweavers.ch\/wp-content\/uploads\/2014\/11\/GV07.jpg\" alt=\"Patenschaften\" width=\"160\" height=\"225\" \/><p id=\"caption-attachment-42\" class=\"wp-caption-text\">un enfant des Villages des Enfants Tib\u00e9tains (TCV), Dharamsala<\/p><\/div>\n<p>Chez Tibetfreunde il n&#8217;y a pas de salari\u00e9s. On \u00e9vite absolument de r\u00e9duire l&#8217;argent de parrainage destin\u00e9 aux Tib\u00e9tains. Pour en savoir plus, pri\u00e9 de lire au fond du page, &#8220;aucune d\u00e9pense administrative&#8221;<\/p>\n<p>Des <a href=\"https:\/\/oldtibetfreunde.interweavers.ch\/blog\/staff-category\/patenschaftsbetreuung\/\">charg\u00e9es<\/a> des parrainages tiennent contact aux b\u00e9n\u00e9ficiaires, aux \u00e9coles et aux clo\u00eetres, aux nonnes et moines et aux personnes \u00e2g\u00e9es<\/p>\n<h3>Contact entre parrain et b\u00e9n\u00e9ficiaire<\/h3>\n<p>Selon vos voeux vous pouvez conduire un contact au destin\u00e9 de votre parrainage, le soit de plus ou de moins intensif. Il y a des parrains qui voyagent m\u00eame \u00e0 l&#8217;Inde ou au N\u00e9pal pour tisser une connaissance. C&#8217;est souvent une occasion de grande joie<\/p>\n<h5>Von einem Paten:<\/h5>\n<h6><em>\u201eWir wollten keine weiteren Kinder bekommen. Aber sehr gerne m\u00f6chten wird die Entwicklung eines Kindes verfolgen und einen pers\u00f6nlichen Kontakt mit ihm aufbauen.<\/em><br \/>\n<em>Eines Tages sagte meine Frau zu mir: Warum \u00fcbernehmen wir nicht eine Patenschaft? Wir fingen an, uns zu informieren und entschlossen uns, eine Patenschaft f\u00fcr ein tibetisches Fl\u00fcchtlingskind abzuschliessen.<\/em><br \/>\n<em>Wahrend der ersten Jahre war der Kontakt beschr\u00e4nkt; das kleine M\u00e4dchen, das wir ausgesucht hatten, konnte noch kein Englisch. So bekamen wir, nebst Zeichnungen, ein bis zweimal im Jahr einen Brief der zust\u00e4ndigen Sekret\u00e4rin, die uns \u00fcber die Entwicklung der kleinen Sonam auf dem Laufenden hielt. Aber sp\u00e4ter wechselten wir Briefe voller Zuneigung und W\u00e4rme. Das M\u00e4dchen ist eine wahre Bereicherung f\u00fcr unsere Familie.\u201c<\/em><\/h6>\n<h5>Un message de l&#8217;organisation \u00e0 l&#8217;Inde qui soigne les enfants aux \u00e9coles internats<\/h5>\n<h6><em><i>&#8220;Nous avons de nombreux enfants sans parrain et il devient encore moins facile chaque ann\u00e9e d&#8217;obtenir de nouveaux parrainages. La raison de cela, c&#8217;est peut-\u00eatre les conditions mondiales \u00e9conomiques. Nous serions ainsi tr\u00e8s remerciants si vous sauriez soutenir un de nos enfants. Les parrainages sont l&#8217;appui de n\u00f4tre service. Sans cet argent nous ne savons plus continuer. Nous vous remercions toutefois de l&#8217;aide d\u00e9j\u00e0 rendue, ce que nous reconnaissons en tant qu&#8217;engagement pour notre culture meurtrie&#8221; <\/i><\/em><\/h6>\n","protected":false},"excerpt":{"rendered":"<p>c&#8217;est quoi un parrainage? Un parrainage est un promis de soutenir (financi\u00e8rement bien s\u00fbr) un \u00e9l\u00e8ve pendant son temps en \u00e9cole internat, ou une nonne ou un moine novice sur la voie d&#8217;\u00e9ducation \u00e0 clo\u00eetre, de faire possible \u00e0 une jeune personne une \u00e9tude, ou de rassurer \u00e0 une personne \u00e2g\u00e9e une existence digne. il [&hellip;]<\/p>\n","protected":false},"author":1,"featured_media":650,"parent":0,"menu_order":0,"comment_status":"closed","ping_status":"closed","template":"","meta":{"_mi_skip_tracking":false},"_links":{"self":[{"href":"https:\/\/oldtibetfreunde.interweavers.ch\/fr\/wp-json\/wp\/v2\/pages\/473"}],"collection":[{"href":"https:\/\/oldtibetfreunde.interweavers.ch\/fr\/wp-json\/wp\/v2\/pages"}],"about":[{"href":"https:\/\/oldtibetfreunde.interweavers.ch\/fr\/wp-json\/wp\/v2\/types\/page"}],"author":[{"embeddable":true,"href":"https:\/\/oldtibetfreunde.interweavers.ch\/fr\/wp-json\/wp\/v2\/users\/1"}],"replies":[{"embeddable":true,"href":"https:\/\/oldtibetfreunde.interweavers.ch\/fr\/wp-json\/wp\/v2\/comments?post=473"}],"version-history":[{"count":24,"href":"https:\/\/oldtibetfreunde.interweavers.ch\/fr\/wp-json\/wp\/v2\/pages\/473\/revisions"}],"predecessor-version":[{"id":1151,"href":"https:\/\/oldtibetfreunde.interweavers.ch\/fr\/wp-json\/wp\/v2\/pages\/473\/revisions\/1151"}],"wp:featuredmedia":[{"embeddable":true,"href":"https:\/\/oldtibetfreunde.interweavers.ch\/fr\/wp-json\/wp\/v2\/media\/650"}],"wp:attachment":[{"href":"https:\/\/oldtibetfreunde.interweavers.ch\/fr\/wp-json\/wp\/v2\/media?parent=473"}],"curies":[{"name":"wp","href":"https:\/\/api.w.org\/{rel}","templated":true}]}}