{"id":568,"date":"2015-09-29T09:34:15","date_gmt":"2015-09-29T09:34:15","guid":{"rendered":"http:\/\/tibetfreunde.ch\/fr\/?page_id=568"},"modified":"2016-05-26T21:48:27","modified_gmt":"2016-05-26T21:48:27","slug":"histoire","status":"publish","type":"page","link":"https:\/\/oldtibetfreunde.interweavers.ch\/fr\/histoire\/","title":{"rendered":"historique"},"content":{"rendered":"<p><strong>la perte de la libert\u00e9, puis la fuite<\/strong><\/p>\n<p>La R\u00e9publique populaire de Chine occupa le Tibet militairement en 1950 et l&#8217;annexa au m\u00e9pris des droits en 1951. En 1959 un soul\u00e8vement populaire contre l&#8217;oppression chinoise fut \u00e9cras\u00e9 de fa\u00e7on sanguinaire. Sa Saintet\u00e9 le 14\u00e8me Dala\u00ef Lama, chef tib\u00e9tain de spiritualit\u00e9 et de politique, dut quitter sa patrie, et avec lui 120&#8217;000 (juste en l&#8217;ann\u00e9e 2000) des Tib\u00e9tains. Les r\u00e9fugi\u00e9s cherch\u00e8rent un abri surtout dans les pays de l&#8217;Himalaya, l&#8217;Inde et le N\u00e9pal, pour r\u00e9tablir leur existence \u00e0 libert\u00e9.<\/p>\n<div id=\"attachment_665\" style=\"width: 410px\" class=\"wp-caption alignleft\"><img aria-describedby=\"caption-attachment-665\" decoding=\"async\" loading=\"lazy\" class=\"wp-image-665 size-full\" src=\"https:\/\/oldtibetfreunde.interweavers.ch\/fr\/wp-content\/uploads\/sites\/3\/2015\/09\/dharamsala1960-400x278.jpg\" alt=\"dharamsala1960-400x278\" width=\"400\" height=\"278\" srcset=\"https:\/\/oldtibetfreunde.interweavers.ch\/fr\/wp-content\/uploads\/sites\/3\/2015\/09\/dharamsala1960-400x278.jpg 400w, https:\/\/oldtibetfreunde.interweavers.ch\/fr\/wp-content\/uploads\/sites\/3\/2015\/09\/dharamsala1960-400x278-200x139.jpg 200w\" sizes=\"(max-width: 400px) 100vw, 400px\" \/><p id=\"caption-attachment-665\" class=\"wp-caption-text\">sa Saintet\u00e9 le Dala\u00ef Lama \u00e0 Dharamsala environ 1960<\/p><\/div>\n<p>Le Dala\u00ef Lama construisit l&#8217;\u00e9tat exil\u00e9 aux structures d\u00e9mocratiques ensuite de son arriv\u00e9e \u00e0 Dharamsala dans l&#8217;Inde du nord. Il dirige depuis Dharamsala des projets de politique, culture et religion dans la communaut\u00e9 mondiale des Tib\u00e9tains. Le Dala\u00ef Lama est pour la libert\u00e9 des peuples et il est estim\u00e9 de poss\u00e9der un discernement p\u00e9n\u00e9trant politique. En 1963 cr\u00e9a-t-il une constitution d\u00e9mocratique moderne pour le Tibet, que fut r\u00e9dig\u00e9 encore en 1991 pour correspondre aux aper\u00e7us plus r\u00e9cents.<\/p>\n<p>En 1979 envoya le Dala\u00ef Lama pour la premi\u00e8re fois une d\u00e9l\u00e9gation sur l&#8217;invitation des autorit\u00e9s chinoises pour examiner la situation politique, \u00e9conomique, culturelle et religieuse au Tibet. Cette visite de recherche et en trois suivantes r\u00e9v\u00e9l\u00e8rent \u00e0 la publique mondiale l&#8217;adversit\u00e9 et la n\u00e9cessit\u00e9 que souffrirent le peuple tib\u00e9taine sous la r\u00e9pression et l&#8217;exploitation coloniale chinoise. 90 pour cent des biens culturels tib\u00e9tains \u00e9taient d\u00e9j\u00e0 d\u00e9truits.<\/p>\n<p>La religion bouddhiste s&#8217;oppose aux moyens violents de r\u00e9solution des conflits. Le Tibet exil\u00e9 conduit ainsi une lutte calme et sans violence pour r\u00e9clamer la libert\u00e9 de son pays et de son peuple.<\/p>\n<p><strong>les Effets de la Vie en Exile<\/strong><\/p>\n<div id=\"attachment_666\" style=\"width: 410px\" class=\"wp-caption alignright\"><img aria-describedby=\"caption-attachment-666\" decoding=\"async\" loading=\"lazy\" class=\"wp-image-666 size-full\" src=\"https:\/\/oldtibetfreunde.interweavers.ch\/fr\/wp-content\/uploads\/sites\/3\/2015\/09\/tcv-dharamsala-400x270.jpg\" alt=\"tcv-dharamsala-400x270\" width=\"400\" height=\"270\" srcset=\"https:\/\/oldtibetfreunde.interweavers.ch\/fr\/wp-content\/uploads\/sites\/3\/2015\/09\/tcv-dharamsala-400x270.jpg 400w, https:\/\/oldtibetfreunde.interweavers.ch\/fr\/wp-content\/uploads\/sites\/3\/2015\/09\/tcv-dharamsala-400x270-200x135.jpg 200w\" sizes=\"(max-width: 400px) 100vw, 400px\" \/><p id=\"caption-attachment-666\" class=\"wp-caption-text\">garderie, Villages des Enfants Tib\u00e9tains (TCV) environ 1960<\/p><\/div>\n<p>Les Tib\u00e9tains r\u00e9fugi\u00e9s re\u00e7urent d&#8217;abord du soutien g\u00e9n\u00e9reux sur le part des &oelig;uvres nombreuses b\u00e9n\u00e9voles internationales. Au fil du temps des autres catastrophes nombreuses aux autres lieux du monde ont capt\u00e9 l&#8217;attention de la publique et des organisations volontaires d&#8217;aide.<br \/>\nDes communaut\u00e9s tib\u00e9tains surtout en l&#8217;Inde et au N\u00e9pal se retrouvent en n\u00e9cessit\u00e9 sans soutien.<br \/>\nBeaucoup des Tib\u00e9tains vivent modestement sinon en pleine pauvret\u00e9 dans l&#8217;espoir de retour \u00e0 Tibet.<br \/>\nLes CHF 600..800 par an qu&#8217;ils gagnent en moyen sont revenus de l&#8217;agriculture et de l&#8217;\u00e9l\u00e9vage, de la production artisanale, de l&#8217;\u00e9change des marchandises<\/p>\n<p>Il n&#8217;existe pas de fonds de soutien pour de nombreuses personnes \u00e2g\u00e9es. La sous-alimentation et la maladie r\u00e9clament toujours leurs victimes. Les parents de nombreux enfants ne trouvent pas les frais d&#8217;\u00e9cole. La finance manque aux jeunes de se rassurer l&#8217;avenir avec une formation d&#8217;haute \u00e9cole<\/p>\n<p><strong>les Clo\u00eetres et la Formation Bouddhiste<\/strong><\/p>\n<p>Les moines des clo\u00eetres partagent le peu de nourriture qu&#8217;ils poss\u00e8dent avec les Tib\u00e9taines et Tib\u00e9tains jeunes qui s&#8217;enfuient encore du Tibet pour rechercher une formation traditionnelle bouddhiste aux clo\u00eetres tib\u00e9tains de l&#8217;Inde et du N\u00e9pal. Les clo\u00eetres sont les centres culturels et religieux des Tib\u00e9tains. Des enseignants instruits y pr\u00e9servent les id\u00e9es, la philosophie, la psychologie, et les compr\u00e9hensions des 1300 ans du bouddhisme tib\u00e9tain et les enseignent aux prochaines g\u00e9n\u00e9rations des moines et des nonnes. La litt\u00e9rature, la po\u00e9sie, la peinture, la sculpture, la musique, la danse, la m\u00e9decine et les traditions des observations c\u00e9lestes sont aussi appris<\/p>\n<p><strong>l&#8217;Aide pour s&#8217;Aider dans l&#8217;Inde, au Ladakh, au N\u00e9pal<\/strong><\/p>\n<div id=\"attachment_667\" style=\"width: 344px\" class=\"wp-caption alignleft\"><img aria-describedby=\"caption-attachment-667\" decoding=\"async\" loading=\"lazy\" class=\"wp-image-667 size-full\" src=\"https:\/\/oldtibetfreunde.interweavers.ch\/fr\/wp-content\/uploads\/sites\/3\/2015\/09\/Hope-334x400.jpg\" alt=\"Hope-334x400\" width=\"334\" height=\"400\" srcset=\"https:\/\/oldtibetfreunde.interweavers.ch\/fr\/wp-content\/uploads\/sites\/3\/2015\/09\/Hope-334x400.jpg 334w, https:\/\/oldtibetfreunde.interweavers.ch\/fr\/wp-content\/uploads\/sites\/3\/2015\/09\/Hope-334x400-200x240.jpg 200w\" sizes=\"(max-width: 334px) 100vw, 334px\" \/><p id=\"caption-attachment-667\" class=\"wp-caption-text\">la troisi\u00e8me g\u00e9n\u00e9ration&#8230;<\/p><\/div>\n<p>Les Tib\u00e9tains ont construit une infrastructure qui marche, gr\u00e2ce certainement au soutien du gouvernement de l&#8217;Inde et l&#8217;assistance des organisations d&#8217;aide, mais surtout par moyen de propres grands efforts efficaces des Tib\u00e9tains eux-m\u00eames. Il y aura n\u00e9anmoins encore besoin d&#8217;argent pour continuer les projets d\u00e9j\u00e0 commenc\u00e9s et pour d\u00e9marrer les projets qui attendent encore leur d\u00e9but.<br \/>\nDes \u00e9coles internats sont \u00e9rig\u00e9es en l&#8217;Inde et au Ladakh, surtout soutenu des dons financi\u00e8res d&#8217;Europe. De nombreux parrainages permettent les enfants tib\u00e9tains \u00e0 ces \u00e9coles une bonne \u00e9ducation et formation.<br \/>\nSur le large de l&#8217;Inde et du N\u00e9pal se trouvent dans les communaut\u00e9s des infirmeries modestes pas garanties de soutien continu.<br \/>\nLe soutien constant est encore indispensable pour l&#8217;avenir des oeuvres d\u00e9j\u00e0 commenc\u00e9es par des efforts \u00e9normes.<\/p>\n","protected":false},"excerpt":{"rendered":"<p>la perte de la libert\u00e9, puis la fuite La R\u00e9publique populaire de Chine occupa le Tibet militairement en 1950 et l&#8217;annexa au m\u00e9pris des droits en 1951. En 1959 un soul\u00e8vement populaire contre l&#8217;oppression chinoise fut \u00e9cras\u00e9 de fa\u00e7on sanguinaire. Sa Saintet\u00e9 le 14\u00e8me Dala\u00ef Lama, chef tib\u00e9tain de spiritualit\u00e9 et de politique, dut quitter [&hellip;]<\/p>\n","protected":false},"author":1,"featured_media":663,"parent":0,"menu_order":0,"comment_status":"closed","ping_status":"closed","template":"","meta":{"_mi_skip_tracking":false},"_links":{"self":[{"href":"https:\/\/oldtibetfreunde.interweavers.ch\/fr\/wp-json\/wp\/v2\/pages\/568"}],"collection":[{"href":"https:\/\/oldtibetfreunde.interweavers.ch\/fr\/wp-json\/wp\/v2\/pages"}],"about":[{"href":"https:\/\/oldtibetfreunde.interweavers.ch\/fr\/wp-json\/wp\/v2\/types\/page"}],"author":[{"embeddable":true,"href":"https:\/\/oldtibetfreunde.interweavers.ch\/fr\/wp-json\/wp\/v2\/users\/1"}],"replies":[{"embeddable":true,"href":"https:\/\/oldtibetfreunde.interweavers.ch\/fr\/wp-json\/wp\/v2\/comments?post=568"}],"version-history":[{"count":21,"href":"https:\/\/oldtibetfreunde.interweavers.ch\/fr\/wp-json\/wp\/v2\/pages\/568\/revisions"}],"predecessor-version":[{"id":758,"href":"https:\/\/oldtibetfreunde.interweavers.ch\/fr\/wp-json\/wp\/v2\/pages\/568\/revisions\/758"}],"wp:featuredmedia":[{"embeddable":true,"href":"https:\/\/oldtibetfreunde.interweavers.ch\/fr\/wp-json\/wp\/v2\/media\/663"}],"wp:attachment":[{"href":"https:\/\/oldtibetfreunde.interweavers.ch\/fr\/wp-json\/wp\/v2\/media?parent=568"}],"curies":[{"name":"wp","href":"https:\/\/api.w.org\/{rel}","templated":true}]}}