{"id":587,"date":"2015-09-29T09:44:11","date_gmt":"2015-09-29T09:44:11","guid":{"rendered":"http:\/\/tibetfreunde.ch\/fr\/?page_id=587"},"modified":"2017-09-01T15:13:55","modified_gmt":"2017-09-01T15:13:55","slug":"liens","status":"publish","type":"page","link":"https:\/\/oldtibetfreunde.interweavers.ch\/fr\/liens\/","title":{"rendered":"Liens"},"content":{"rendered":"<h3>Notre partenaire m\u00e9dia en Suisse<\/h3>\n<ul>\n<li><a href=\"http:\/\/www.tibetfocus.com\" target=\"_blank\" rel=\"noopener\">Tibetfocus<\/a> &#8211; magazine de trois mois, \u00e9dit\u00e9 par GSTF, avec deux pages pour Tibetfreunde.<\/li>\n<\/ul>\n<h3>Nos partenaires projet en Inde et au N\u00e9pal<\/h3>\n<ul>\n<li><a href=\"http:\/\/www.tcv.org.in\" target=\"_blank\" rel=\"noopener\">TCV, Tibetan Children&#8217;s Villages<\/a> &#8211; la plus grande organisation priv\u00e9e au sein du syst\u00e8me \u00e9ducatif tib\u00e9tain exil\u00e9, qui n&#8217;est pas li\u00e9 au gouvernement exil\u00e9. (Code de parrainage TCV)<\/li>\n<li><a href=\"http:\/\/sherig.org\/en\/\" target=\"_blank\" rel=\"noopener\">DOE,Department of Education, Dharamsala<\/a> &#8211; Inde (code de parrainage TE)<\/li>\n<li><a href=\"http:\/\/www.sambhota.org\" target=\"_blank\" rel=\"noopener\">Sambhota Tibetan Schools Society (STSS)<\/a> &#8211; l&#8217;administration de l&#8217;\u00e9cole \u00e0 Chauntra o\u00f9 nous organisons le parrainage pour les enfants de la zone de Tuting. (Code de parrainage TS)<\/li>\n<li><a href=\"http:\/\/www.centraltibetanreliefcommittee.org\/\" target=\"_blank\" rel=\"noopener\">Department of Home, Central Tibetan Relief Committee (CTRC)<\/a> &#8211; des parrainages pour les personnes \u00e2g\u00e9es en Inde (code de parrainage TFS)<\/li>\n<li><a href=\"http:\/\/www.tnp.org\" target=\"_blank\" rel=\"noopener\">Tibetan Nuns Project<\/a> &#8211; parrainage pour les \u00e9tudiants des \u00e9coles ou instituts du monast\u00e8re tib\u00e9tain en Inde (code de parrainage NU)<\/li>\n<li><a href=\"http:\/\/www.jamchoe.org\" target=\"_blank\" rel=\"noopener\">Jamyang Choling Institute<\/a> &#8211; Soins du potentiel spirituel des femmes bouddhistes \u00e0 Dharamsala, en Inde (code de parrainage JCI)<\/li>\n<li><a href=\"http:\/\/tnp.org\/life-sherab-choeling-nunnery-spiti\/#more-2223\" target=\"_blank\" rel=\"noopener\">Sherab Choling Institute<\/a> &#8211; Village Morang, Spiti, Inde (code de parrainage SCI)<\/li>\n<li><a href=\"http:\/\/www.men-tsee-khang.org\" target=\"_blank\" rel=\"noopener\">Men-Tsee-Khang, Tibetan Medical and Astro Institute<\/a> &#8211; Dharamsala, Inde (code de parrainage MTK)<\/li>\n<li><a href=\"http:\/\/ibd.instituteofbuddhistdialectics.org\/\" target=\"_blank\" rel=\"noopener\">Institute of Buddhist Dialectics<\/a> &#8211; Dharamsala, Inde \/ <a href=\"http:\/\/sarah.instituteofbuddhistdialectics.org\/\" target=\"_blank\" rel=\"noopener\">College of Higher Tibetan Studies<\/a> Sarah, Inde (code de parrainage IBD)<\/li>\n<li><a href=\"http:\/\/sherig.org\/en\/schools\/snowlion-foundation\/\" target=\"_blank\" rel=\"noopener\">Snow Lion Foundation<\/a> &#8211; durch diese Organisation werden viele Patenschaften f\u00fcr Kinder und \u00e4ltere Personen in Nepal vermittelt (Patenschaft Code SLF)<\/li>\n<li><a href=\"http:\/\/www.nmbs.edu.np\/\" target=\"_blank\" rel=\"noopener\">Namgyal Middle Boarding School<\/a> &#8211; Kathmandu, Nepal (Patenschaft Code NM)<\/li>\n<li><a href=\"https:\/\/www.facebook.com\/namgyalhighersecondaryschool\" target=\"_blank\" rel=\"noopener\">Namgyal Higher Secondary School<\/a> &#8211; Kathmandu, Nepal (Patenschaft CodeHS)<\/li>\n<li><a href=\"http:\/\/drubthobrinpochenp.org\/details\/manjushri-di-chen-buddhist-learning-center-\/\" target=\"_blank\" rel=\"noopener\">Manjushri Di-Chen Buddhist Learning Center<\/a> &#8211; Kathmandu, Nepal (Patenschaft Code MDS)<\/li>\n<li><a href=\"http:\/\/www.delekhospital.org\/delek\" target=\"_blank\" rel=\"noopener\">Tibetan Delek Hospital<\/a> &#8211; allgemeine medizinische Versorgung f\u00fcr die in Dharamsala und Umgebung wohnenden Tibeter<\/li>\n<li><a href=\"http:\/\/www.lhasocialwork.org\" target=\"_blank\" rel=\"noopener\">Lha Charitable Trust<\/a> &#8211; eine gemeinn\u00fctzige Organisation, die vor allem auf &#8220;grassroots&#8221; Ebene in Dharamsala arbeitet und organisiert Lha&#8217;s Soup Kitchen.<\/li>\n<li><a href=\"http:\/\/www.dalailamainstitute.edu.in\/\" target=\"_blank\" rel=\"noopener\">Dalai Lama Institute for Higher Education Bangalore<\/a><\/li>\n<li><a href=\"http:\/\/tibet.net\/home\/#1\" target=\"_blank\" rel=\"noopener\">CTRC Poverty Alleviation Scheme<\/a><\/li>\n<\/ul>\n<h3>Allgemein<\/h3>\n<ul>\n<li><a href=\"http:\/\/www.dalailama.com\" target=\"_blank\" rel=\"noopener\">S.H. der Dalai Lama<\/a> &#8211; Informationen zu den Belehrungen und Vortr\u00e4ge, Fotogallerie, Kontaktm\u00f6glichkeiten<\/li>\n<li><a href=\"http:\/\/www.tibet.net\" target=\"_blank\" rel=\"noopener\">Tibetan Government in Exile<\/a> &#8211; offizielle Website. Die neuesten Nachrichten \u00fcber Tibet<\/li>\n<li><a href=\"http:\/\/www.tibet.org\" target=\"_blank\" rel=\"noopener\">Tibet Online<\/a> &#8211; Internationale Tibet Support Gemeinschaft<\/li>\n<li><a href=\"http:\/\/www.tibetsites.com\" target=\"_blank\" rel=\"noopener\">Verzeichnis der Webseiten \u00fcber Tibet<\/a><\/li>\n<li><a href=\"http:\/\/www.savetibet.org\" target=\"_blank\" rel=\"noopener\">International Campaign for Tibet, Washington DC<\/a><\/li>\n<li><a href=\"http:\/\/www.tibet.ca\" target=\"_blank\" rel=\"noopener\">CTC (Canada Tibet Committee)<\/a> &#8211; mit vielen weltweiten Informationen<\/li>\n<li><a href=\"http:\/\/www.tibet.at\" target=\"_blank\" rel=\"noopener\">Save Tibet<\/a> &#8211; ein Verein in \u00d6sterreich mit gleichen Ziele wie Verein Tibetfreunde<\/li>\n<li><a href=\"http:\/\/www.norbulingka.org\" target=\"_blank\" rel=\"noopener\">Norbulingka<\/a> &#8211; Institut f\u00fcr Erhaltung der tibetischen Kultur sowohl in seiner literarischen als seine k\u00fcnstlerischen Formen<\/li>\n<li><a href=\"http:\/\/www.delekhospital.org\/delek\" target=\"_blank\" rel=\"noopener\">Volunteer Tibet<\/a> &#8211; Online Empfehlungsservice f\u00fcr die Freiwilligenarbeit f\u00fcr die tibetische Gemeinschaft. Zur Zeit nur in Dharamsala.<\/li>\n<li><a href=\"http:\/\/www.tibetanstories.org\/\" target=\"_blank\" rel=\"noopener\">Tibetan Stories<\/a> &#8211; filme \u00fcber tibetische Fl\u00fcchtlinge in Dharamsala (Internationale Zentrum f\u00fcr psychische Gesundheit und Menschenrechte)<\/li>\n<li><a href=\"http:\/\/www.thelandofsnows.com\" target=\"_blank\" rel=\"noopener\">The Land of Snows<\/a> &#8211; Information f\u00fcr Reisen nach Tibet, Nepal, Ladakh und Bhutan<\/li>\n<li><a href=\"http:\/\/www.vistaproject.org\/\">Vista Project<\/a> &#8211; Humanit\u00e4re Unterst\u00fctzung in Tibet<\/li>\n<\/ul>\n<h3>In der Schweiz<\/h3>\n<ul>\n<li><a href=\"http:\/\/www.tibetoffice.ch\">Tibet Bureau<\/a> &#8211; Gen\u00e8ve; official agency of H. H. the Dalai Lama and the Tibetan Government-in-Exile for Central and Eastern Europe<\/li>\n<li><a href=\"http:\/\/gstf.org\/\" target=\"_blank\" rel=\"noopener\">GSTF (Gesellschaft Schweizerisch-Tibetische Freundschaft) <\/a><\/li>\n<li><a href=\"http:\/\/www.songtsenhouse.ch\" target=\"_blank\" rel=\"noopener\">Kulturzentrum Tibet Songtsen House<\/a> in Z\u00fcrich<\/li>\n<li><a href=\"http:\/\/www.tibetmuseum.ch\" target=\"_blank\" rel=\"noopener\">Tibet Museum<\/a> &#8211; Fondation Alain Bordier (Gruy\u00e8res)<\/li>\n<li><a href=\"http:\/\/amistibetgeneve.free.fr\" target=\"_blank\" rel=\"noopener\">Les Amis du Tibet<\/a> &#8211; Gen\u00e8ve<\/li>\n<li><a href=\"http:\/\/www.tibetswiss.com\" target=\"_blank\" rel=\"noopener\">Tibeter Gemeinschaft in der Schweiz und Liechtenstein<\/a> &#8211; in tibetischer und deutscher Sprache<\/li>\n<li><a href=\"http:\/\/www.chushigangdrug.ch\" target=\"_blank\" rel=\"noopener\">Dhotoe Chushi Gangdrug<\/a> &#8211; Europe, Osttibeter Gemeinschaft<\/li>\n<li><a href=\"http:\/\/www.vtje.org\" target=\"_blank\" rel=\"noopener\">Tibetan Youth Association in Europe<\/a><\/li>\n<li><a href=\"http:\/\/www.tibet-institut.ch\" target=\"_blank\" rel=\"noopener\">Das kl\u00f6sterliche Tibet-Institut Rikon<\/a><\/li>\n<li><a href=\"http:\/\/www.gfbv.ch\" target=\"_blank\" rel=\"noopener\">GfbV (Gesellschaft f\u00fcr bedrohte V\u00f6lker)<\/a><\/li>\n<\/ul>\n","protected":false},"excerpt":{"rendered":"<p>Notre partenaire m\u00e9dia en Suisse Tibetfocus &#8211; magazine de trois mois, \u00e9dit\u00e9 par GSTF, avec deux pages pour Tibetfreunde. Nos partenaires projet en Inde et au N\u00e9pal TCV, Tibetan Children&#8217;s Villages &#8211; la plus grande organisation priv\u00e9e au sein du syst\u00e8me \u00e9ducatif tib\u00e9tain exil\u00e9, qui n&#8217;est pas li\u00e9 au gouvernement exil\u00e9. (Code de parrainage TCV) [&hellip;]<\/p>\n","protected":false},"author":1,"featured_media":0,"parent":0,"menu_order":0,"comment_status":"closed","ping_status":"closed","template":"","meta":{"_mi_skip_tracking":false},"_links":{"self":[{"href":"https:\/\/oldtibetfreunde.interweavers.ch\/fr\/wp-json\/wp\/v2\/pages\/587"}],"collection":[{"href":"https:\/\/oldtibetfreunde.interweavers.ch\/fr\/wp-json\/wp\/v2\/pages"}],"about":[{"href":"https:\/\/oldtibetfreunde.interweavers.ch\/fr\/wp-json\/wp\/v2\/types\/page"}],"author":[{"embeddable":true,"href":"https:\/\/oldtibetfreunde.interweavers.ch\/fr\/wp-json\/wp\/v2\/users\/1"}],"replies":[{"embeddable":true,"href":"https:\/\/oldtibetfreunde.interweavers.ch\/fr\/wp-json\/wp\/v2\/comments?post=587"}],"version-history":[{"count":7,"href":"https:\/\/oldtibetfreunde.interweavers.ch\/fr\/wp-json\/wp\/v2\/pages\/587\/revisions"}],"predecessor-version":[{"id":1080,"href":"https:\/\/oldtibetfreunde.interweavers.ch\/fr\/wp-json\/wp\/v2\/pages\/587\/revisions\/1080"}],"wp:attachment":[{"href":"https:\/\/oldtibetfreunde.interweavers.ch\/fr\/wp-json\/wp\/v2\/media?parent=587"}],"curies":[{"name":"wp","href":"https:\/\/api.w.org\/{rel}","templated":true}]}}